{"id":2877,"date":"2026-02-22T22:17:31","date_gmt":"2026-02-22T22:17:31","guid":{"rendered":"https:\/\/bahia-appliance.com\/?post_type=product&#038;p=2877"},"modified":"2026-02-22T22:38:28","modified_gmt":"2026-02-22T22:38:28","slug":"machine-a-cafe-moulu-amb-021cm","status":"publish","type":"product","link":"https:\/\/bahia-appliance.com\/?product=machine-a-cafe-moulu-amb-021cm","title":{"rendered":"MACHINE A CAFE MOULU AMB-021CM"},"content":{"rendered":"<table style=\"height: 704px;\" width=\"968\">\n<tbody>\n<tr>\n<td><strong>puissance<\/strong><\/td>\n<td style=\"text-align: right;\">1350 W<\/td>\n<\/tr>\n<tr>\n<td><strong>Pompe<\/strong><\/td>\n<td>20 bars<\/td>\n<\/tr>\n<tr>\n<td><strong>Mat\u00e9riaux<\/strong><\/td>\n<td>Acier inoxydable + plastique noir<\/td>\n<\/tr>\n<tr>\n<td><strong>Affichage<\/strong><\/td>\n<td>\u00c9cran color\u00e9 avec 5 fonctions<\/td>\n<\/tr>\n<tr>\n<td><strong>Syst\u00e8me<br \/>\nde chauffe<\/strong><\/td>\n<td>Thermoblock<\/td>\n<\/tr>\n<tr>\n<td><strong>R\u00e9servoir<br \/>\nd\u2019eau<\/strong><\/td>\n<td>L1,5 \u2013 Transparent<\/td>\n<\/tr>\n<tr>\n<td><strong>Contr\u00f4le<\/strong><\/td>\n<td>digital avec grand \u00e9cran tactile<\/td>\n<\/tr>\n<tr>\n<td><strong>Fonctions<\/strong><\/td>\n<td>Espresso, 2\u00d7 Espresso,<br \/>\nSteam, Americano,Espresso Cool<\/td>\n<\/tr>\n<tr>\n<td><strong>Accessoires<br \/>\ninclus<\/strong><\/td>\n<td>\u2013 Filtre inox pour 1 tasse \u2013 Filtre<br \/>\ninox pour 2 tasses \u2013<br \/>\nCuill\u00e8re doseuse \u00e0 caf\u00e9<\/td>\n<\/tr>\n<tr>\n<td><strong>Tension<\/strong><\/td>\n<td>220\u2013240 V ~ 50 Hz<\/td>\n<\/tr>\n<\/tbody>\n<\/table>\n","protected":false},"excerpt":{"rendered":"<p style=\"text-align: left;\"><span class=\"a-list-item\">Chaud ou froid : fonction polyvalente caf\u00e9 chaud et froid<\/span><\/p>\n<p style=\"text-align: left;\"><span class=\"a-list-item\">\u00a020bars haute pression : extraction haute pression de 20 bars pour un go\u00fbt intense et une cr\u00e8me parfaite<\/span><\/p>\n<p style=\"text-align: left;\"><span class=\"a-list-item\">Fonction vapeur puissante : fonction vapeur pour chauffer ou faire mousser le lait<\/span><\/p>\n<p style=\"text-align: left;\"><span class=\"a-list-item\">TEMP\u00c9RATURES PR\u00c9CISES ET STABLES : double syst\u00e8me de contr\u00f4le de la temp\u00e9rature NTC et PID pour des temp\u00e9ratures pr\u00e9cises et stables<\/span><\/p>\n<p style=\"text-align: left;\"><span class=\"a-list-item\">UTILISATION INTUITIVE : grand \u00e9cran tactile num\u00e9rique pour une utilisation intuitive<\/span><\/p>\n<p style=\"text-align: left;\"><span class=\"a-list-item\">Fabricant avec si\u00e8ge d\u2019entreprise et service client en Allemagne<\/span><\/p>\n","protected":false},"featured_media":2863,"comment_status":"open","ping_status":"closed","template":"","meta":[],"product_brand":[],"product_cat":[85],"product_tag":[],"class_list":{"0":"post-2877","1":"product","2":"type-product","3":"status-publish","4":"has-post-thumbnail","6":"product_cat-machine-a-cafe","8":"first","9":"instock","10":"shipping-taxable","11":"purchasable","12":"product-type-simple"},"_links":{"self":[{"href":"https:\/\/bahia-appliance.com\/index.php?rest_route=\/wp\/v2\/product\/2877","targetHints":{"allow":["GET"]}}],"collection":[{"href":"https:\/\/bahia-appliance.com\/index.php?rest_route=\/wp\/v2\/product"}],"about":[{"href":"https:\/\/bahia-appliance.com\/index.php?rest_route=\/wp\/v2\/types\/product"}],"replies":[{"embeddable":true,"href":"https:\/\/bahia-appliance.com\/index.php?rest_route=%2Fwp%2Fv2%2Fcomments&post=2877"}],"wp:featuredmedia":[{"embeddable":true,"href":"https:\/\/bahia-appliance.com\/index.php?rest_route=\/wp\/v2\/media\/2863"}],"wp:attachment":[{"href":"https:\/\/bahia-appliance.com\/index.php?rest_route=%2Fwp%2Fv2%2Fmedia&parent=2877"}],"wp:term":[{"taxonomy":"product_brand","embeddable":true,"href":"https:\/\/bahia-appliance.com\/index.php?rest_route=%2Fwp%2Fv2%2Fproduct_brand&post=2877"},{"taxonomy":"product_cat","embeddable":true,"href":"https:\/\/bahia-appliance.com\/index.php?rest_route=%2Fwp%2Fv2%2Fproduct_cat&post=2877"},{"taxonomy":"product_tag","embeddable":true,"href":"https:\/\/bahia-appliance.com\/index.php?rest_route=%2Fwp%2Fv2%2Fproduct_tag&post=2877"}],"curies":[{"name":"wp","href":"https:\/\/api.w.org\/{rel}","templated":true}]}}