{"id":2890,"date":"2026-03-04T03:03:58","date_gmt":"2026-03-04T03:03:58","guid":{"rendered":"https:\/\/bahia-appliance.com\/?post_type=product&#038;p=2890"},"modified":"2026-03-04T03:03:58","modified_gmt":"2026-03-04T03:03:58","slug":"blender-amb-1409a-1","status":"publish","type":"product","link":"https:\/\/bahia-appliance.com\/?product=blender-amb-1409a-1","title":{"rendered":"Blender AMB-1409A 1"},"content":{"rendered":"<table dir=\"ltr\" style=\"height: 276px;\" width=\"964\">\n<thead>\n<tr>\n<th><strong>Caract\u00e9ristiques<\/strong><\/th>\n<th><strong>D\u00e9tails<\/strong><\/th>\n<\/tr>\n<\/thead>\n<tbody>\n<tr>\n<td><strong>Puissance<\/strong><\/td>\n<td>600 W<\/td>\n<\/tr>\n<tr>\n<td><strong>Vitesses<\/strong><\/td>\n<td>5 vitesses avec fonction rotation invers\u00e9e<\/td>\n<\/tr>\n<tr>\n<td><strong>Capacit\u00e9 du bol<\/strong><\/td>\n<td>1,5 L<\/td>\n<\/tr>\n<tr>\n<td><strong>Fonctions<\/strong><\/td>\n<td>M\u00e9lange de diff\u00e9rents types de jus de fruits; Syst\u00e8me<br \/>\nde s\u00e9curit\u00e9 avec verrouillage du bol<\/td>\n<\/tr>\n<tr>\n<td><strong>Accessoires<\/strong><\/td>\n<td>Tasse \u00e0 mesurer<\/td>\n<\/tr>\n<tr>\n<td><strong>Bol<\/strong><\/td>\n<td>En verre<\/td>\n<\/tr>\n<tr>\n<td><strong>Corps<\/strong><\/td>\n<td>Inox<\/td>\n<\/tr>\n<tr>\n<td><strong>Alimentation<\/strong><\/td>\n<td>220\u2013240V ~ 50\/60Hz<\/td>\n<\/tr>\n<\/tbody>\n<\/table>\n","protected":false},"excerpt":{"rendered":"<p>Caract\u00e9ristiques D\u00e9tails Puissance 600 W Vitesses 5 vitesses avec fonction rotation invers\u00e9e Capacit\u00e9 du bol 1,5 L Fonctions M\u00e9lange de diff\u00e9rents types de jus de fruits; Syst\u00e8me de s\u00e9curit\u00e9 avec verrouillage du bol Accessoires Tasse \u00e0 mesurer Bol En verre Corps Inox Alimentation 220\u2013240V ~ 50\/60Hz<\/p>\n","protected":false},"featured_media":2891,"comment_status":"open","ping_status":"closed","template":"","meta":[],"product_brand":[],"product_cat":[87],"product_tag":[],"class_list":{"0":"post-2890","1":"product","2":"type-product","3":"status-publish","4":"has-post-thumbnail","6":"product_cat-blender-schallenge","8":"first","9":"instock","10":"shipping-taxable","11":"purchasable","12":"product-type-simple"},"_links":{"self":[{"href":"https:\/\/bahia-appliance.com\/index.php?rest_route=\/wp\/v2\/product\/2890","targetHints":{"allow":["GET"]}}],"collection":[{"href":"https:\/\/bahia-appliance.com\/index.php?rest_route=\/wp\/v2\/product"}],"about":[{"href":"https:\/\/bahia-appliance.com\/index.php?rest_route=\/wp\/v2\/types\/product"}],"replies":[{"embeddable":true,"href":"https:\/\/bahia-appliance.com\/index.php?rest_route=%2Fwp%2Fv2%2Fcomments&post=2890"}],"wp:featuredmedia":[{"embeddable":true,"href":"https:\/\/bahia-appliance.com\/index.php?rest_route=\/wp\/v2\/media\/2891"}],"wp:attachment":[{"href":"https:\/\/bahia-appliance.com\/index.php?rest_route=%2Fwp%2Fv2%2Fmedia&parent=2890"}],"wp:term":[{"taxonomy":"product_brand","embeddable":true,"href":"https:\/\/bahia-appliance.com\/index.php?rest_route=%2Fwp%2Fv2%2Fproduct_brand&post=2890"},{"taxonomy":"product_cat","embeddable":true,"href":"https:\/\/bahia-appliance.com\/index.php?rest_route=%2Fwp%2Fv2%2Fproduct_cat&post=2890"},{"taxonomy":"product_tag","embeddable":true,"href":"https:\/\/bahia-appliance.com\/index.php?rest_route=%2Fwp%2Fv2%2Fproduct_tag&post=2890"}],"curies":[{"name":"wp","href":"https:\/\/api.w.org\/{rel}","templated":true}]}}