{"id":2894,"date":"2026-03-04T03:11:44","date_gmt":"2026-03-04T03:11:44","guid":{"rendered":"https:\/\/bahia-appliance.com\/?post_type=product&#038;p=2894"},"modified":"2026-03-04T03:11:44","modified_gmt":"2026-03-04T03:11:44","slug":"blender-schallenge-amb-2033","status":"publish","type":"product","link":"https:\/\/bahia-appliance.com\/?product=blender-schallenge-amb-2033","title":{"rendered":"Blender schallenge Amb-2033"},"content":{"rendered":"<table dir=\"ltr\" style=\"height: 289px;\" width=\"962\">\n<thead>\n<tr>\n<th><strong>Caract\u00e9ristiques<\/strong><\/th>\n<th><strong>D\u00e9tails<\/strong><\/th>\n<\/tr>\n<\/thead>\n<tbody>\n<tr>\n<td><strong>Puissance<\/strong><\/td>\n<td>400 W<\/td>\n<\/tr>\n<tr>\n<td><strong>Vitesses<\/strong><\/td>\n<td>2 vitesses + rotation invers\u00e9e<\/td>\n<\/tr>\n<tr>\n<td><strong>Bol<\/strong><\/td>\n<td>En plastique, capacit\u00e9 1,5 L<\/td>\n<\/tr>\n<tr>\n<td><strong>Fonctions<\/strong><\/td>\n<td>M\u00e9lange diff\u00e9rents types de jus de fruits<\/td>\n<\/tr>\n<tr>\n<td><strong>Accessoires<\/strong><\/td>\n<td>Un broyeur inclus<\/td>\n<\/tr>\n<tr>\n<td><strong>S\u00e9curit\u00e9<\/strong><\/td>\n<td>Verrouillage du pichet<\/td>\n<\/tr>\n<tr>\n<td><strong>Moteur<\/strong><\/td>\n<td>Aluminium avec thermostat r\u00e9activable<\/td>\n<\/tr>\n<tr>\n<td><strong>Corps<\/strong><\/td>\n<td>Plastique<\/td>\n<\/tr>\n<tr>\n<td><strong>Alimentation<\/strong><\/td>\n<td>220\u2013240V ~ 50\/60Hz<\/td>\n<\/tr>\n<\/tbody>\n<\/table>\n","protected":false},"excerpt":{"rendered":"<p>Caract\u00e9ristiques D\u00e9tails Puissance 400 W Vitesses 2 vitesses + rotation invers\u00e9e Bol En plastique, capacit\u00e9 1,5 L Fonctions M\u00e9lange diff\u00e9rents types de jus de fruits Accessoires Un broyeur inclus S\u00e9curit\u00e9 Verrouillage du pichet Moteur Aluminium avec thermostat r\u00e9activable Corps Plastique Alimentation 220\u2013240V ~ 50\/60Hz<\/p>\n","protected":false},"featured_media":2888,"comment_status":"open","ping_status":"closed","template":"","meta":[],"product_brand":[],"product_cat":[87],"product_tag":[],"class_list":{"0":"post-2894","1":"product","2":"type-product","3":"status-publish","4":"has-post-thumbnail","6":"product_cat-blender-schallenge","8":"first","9":"instock","10":"shipping-taxable","11":"purchasable","12":"product-type-simple"},"_links":{"self":[{"href":"https:\/\/bahia-appliance.com\/index.php?rest_route=\/wp\/v2\/product\/2894","targetHints":{"allow":["GET"]}}],"collection":[{"href":"https:\/\/bahia-appliance.com\/index.php?rest_route=\/wp\/v2\/product"}],"about":[{"href":"https:\/\/bahia-appliance.com\/index.php?rest_route=\/wp\/v2\/types\/product"}],"replies":[{"embeddable":true,"href":"https:\/\/bahia-appliance.com\/index.php?rest_route=%2Fwp%2Fv2%2Fcomments&post=2894"}],"wp:featuredmedia":[{"embeddable":true,"href":"https:\/\/bahia-appliance.com\/index.php?rest_route=\/wp\/v2\/media\/2888"}],"wp:attachment":[{"href":"https:\/\/bahia-appliance.com\/index.php?rest_route=%2Fwp%2Fv2%2Fmedia&parent=2894"}],"wp:term":[{"taxonomy":"product_brand","embeddable":true,"href":"https:\/\/bahia-appliance.com\/index.php?rest_route=%2Fwp%2Fv2%2Fproduct_brand&post=2894"},{"taxonomy":"product_cat","embeddable":true,"href":"https:\/\/bahia-appliance.com\/index.php?rest_route=%2Fwp%2Fv2%2Fproduct_cat&post=2894"},{"taxonomy":"product_tag","embeddable":true,"href":"https:\/\/bahia-appliance.com\/index.php?rest_route=%2Fwp%2Fv2%2Fproduct_tag&post=2894"}],"curies":[{"name":"wp","href":"https:\/\/api.w.org\/{rel}","templated":true}]}}