{"id":2933,"date":"2026-03-04T17:10:20","date_gmt":"2026-03-04T17:10:20","guid":{"rendered":"https:\/\/bahia-appliance.com\/?post_type=product&#038;p=2933"},"modified":"2026-03-04T23:08:55","modified_gmt":"2026-03-04T23:08:55","slug":"lave-vaisselle-pose-libre-60cm-classe-b-mdwef1433gss-s","status":"publish","type":"product","link":"https:\/\/bahia-appliance.com\/?product=lave-vaisselle-pose-libre-60cm-classe-b-mdwef1433gss-s","title":{"rendered":"Lave-vaisselle midea 14c pose libre 60 cm classe B r\u00e9f:MDWEF1433GSS-S"},"content":{"rendered":"<div class=\"product-name\" dir=\"ltr\">Lave-vaisselle pose libre 60cm classe B<\/div>\n<div class=\"product-bazzzvioce\" dir=\"ltr\"><span class=\"product-bazzzvioce-model\">MDWEF1433GSS-W<\/span><\/div>\n<ul class=\"product-parameter\" dir=\"ltr\">\n<li>\n<div class=\"product-parameter-desc\">Lave-vaisselle pose libre inox<\/div>\n<\/li>\n<li>\n<div class=\"product-parameter-desc\">14 couverts, classe B<\/div>\n<\/li>\n<li>\n<div class=\"product-parameter-desc\">40 dB (38 dB avec le programme nuit)<\/div>\n<\/li>\n<li>\n<div class=\"product-parameter-desc\">Consommation 9,8 L<\/div>\n<\/li>\n<li>\n<div class=\"product-parameter-desc\">9 programmes dont automatique et s\u00e9chage rapide&#8230;<\/div>\n<\/li>\n<li>\n<div class=\"product-parameter-desc\">Affichage tactile ultra r\u00e9aliste REAL<\/div>\n<\/li>\n<li>\n<div class=\"product-parameter-desc\">Connect\u00e9 \u00e0 Smart Home MIDEA<\/div>\n<\/li>\n<li>\n<div class=\"product-parameter-desc\">Technologie Ion DishFresh<\/div>\n<\/li>\n<li>\n<div class=\"product-parameter-desc\">Ouverture porte automatique<\/div>\n<\/li>\n<li>\n<div class=\"product-parameter-desc\">Eclairage int\u00e9rieur<\/div>\n<\/li>\n<li>\n<div class=\"product-parameter-desc\">3 bras de lavage, tiroir \u00e0 couvert<\/div>\n<\/li>\n<li>\n<div class=\"product-parameter-desc\">Moteur silencieux Inverter Quattro<\/div>\n<\/li>\n<li>\n<div class=\"product-parameter-desc\">S\u00e9curit\u00e9 anti-d\u00e9bordement<\/div>\n<\/li>\n<\/ul>\n","protected":false},"excerpt":{"rendered":"<p>Lave-vaisselle pose libre 60cm classe B MDWEF1433GSS-W Lave-vaisselle pose libre inox 14 couverts, classe B 40 dB (38 dB avec le programme nuit) Consommation 9,8 L 9 programmes dont automatique et s\u00e9chage rapide&#8230; Affichage tactile ultra r\u00e9aliste REAL Connect\u00e9 \u00e0 Smart Home MIDEA Technologie Ion DishFresh Ouverture porte automatique Eclairage int\u00e9rieur 3 bras de lavage, [&hellip;]<\/p>\n","protected":false},"featured_media":2934,"comment_status":"open","ping_status":"closed","template":"","meta":[],"product_brand":[],"product_cat":[90],"product_tag":[],"class_list":{"0":"post-2933","1":"product","2":"type-product","3":"status-publish","4":"has-post-thumbnail","6":"product_cat-lave-vaisselle","8":"first","9":"instock","10":"shipping-taxable","11":"purchasable","12":"product-type-simple"},"_links":{"self":[{"href":"https:\/\/bahia-appliance.com\/index.php?rest_route=\/wp\/v2\/product\/2933","targetHints":{"allow":["GET"]}}],"collection":[{"href":"https:\/\/bahia-appliance.com\/index.php?rest_route=\/wp\/v2\/product"}],"about":[{"href":"https:\/\/bahia-appliance.com\/index.php?rest_route=\/wp\/v2\/types\/product"}],"replies":[{"embeddable":true,"href":"https:\/\/bahia-appliance.com\/index.php?rest_route=%2Fwp%2Fv2%2Fcomments&post=2933"}],"wp:featuredmedia":[{"embeddable":true,"href":"https:\/\/bahia-appliance.com\/index.php?rest_route=\/wp\/v2\/media\/2934"}],"wp:attachment":[{"href":"https:\/\/bahia-appliance.com\/index.php?rest_route=%2Fwp%2Fv2%2Fmedia&parent=2933"}],"wp:term":[{"taxonomy":"product_brand","embeddable":true,"href":"https:\/\/bahia-appliance.com\/index.php?rest_route=%2Fwp%2Fv2%2Fproduct_brand&post=2933"},{"taxonomy":"product_cat","embeddable":true,"href":"https:\/\/bahia-appliance.com\/index.php?rest_route=%2Fwp%2Fv2%2Fproduct_cat&post=2933"},{"taxonomy":"product_tag","embeddable":true,"href":"https:\/\/bahia-appliance.com\/index.php?rest_route=%2Fwp%2Fv2%2Fproduct_tag&post=2933"}],"curies":[{"name":"wp","href":"https:\/\/api.w.org\/{rel}","templated":true}]}}