{"id":2940,"date":"2026-03-05T00:33:48","date_gmt":"2026-03-05T00:33:48","guid":{"rendered":"https:\/\/bahia-appliance.com\/?post_type=product&#038;p=2940"},"modified":"2026-03-05T00:33:48","modified_gmt":"2026-03-05T00:33:48","slug":"lave-vaisselle-schallenge-amb-7609-inox","status":"publish","type":"product","link":"https:\/\/bahia-appliance.com\/?product=lave-vaisselle-schallenge-amb-7609-inox","title":{"rendered":"Lave-Vaisselle schallenge AMB-7609 inox"},"content":{"rendered":"<table dir=\"ltr\" style=\"height: 361px;\" width=\"970\">\n<tbody>\n<tr>\n<td width=\"150\"><strong>Puissance<\/strong><\/td>\n<td>2100 W<\/td>\n<\/tr>\n<tr>\n<td width=\"150\"><strong>Nombre de couverts<\/strong><\/td>\n<td>14<\/td>\n<\/tr>\n<tr>\n<td width=\"150\"><strong>Nombre de tiroirs<\/strong><\/td>\n<td>2<\/td>\n<\/tr>\n<tr>\n<td width=\"150\"><strong>Couleur\u00a0<\/strong><\/td>\n<td>Inox<\/td>\n<\/tr>\n<tr>\n<td width=\"150\"><strong>Nombre de programmes<\/strong><\/td>\n<td>7 programmes \u2014 Auto, Intensif, Normal, \u00c9co, Verre, 90 minutes, Rapide<\/td>\n<\/tr>\n<tr>\n<td width=\"150\"><strong>affichage<\/strong><\/td>\n<td>LED<\/td>\n<\/tr>\n<tr>\n<td width=\"150\"><strong>Syst\u00e8me de s\u00e9chage<\/strong><\/td>\n<td>Oui<\/td>\n<\/tr>\n<tr>\n<td width=\"150\"><strong>S\u00e9curit\u00e9 enfant<\/strong><\/td>\n<td>Oui<\/td>\n<\/tr>\n<tr>\n<td width=\"150\"><strong>positionnemen<\/strong><\/td>\n<td>pose libre<\/td>\n<\/tr>\n<tr>\n<td width=\"150\"><strong>fonctions<\/strong><\/td>\n<td>Lavage intensif, S\u00e9chage renforc\u00e9, Double lavage<\/td>\n<\/tr>\n<\/tbody>\n<\/table>\n","protected":false},"excerpt":{"rendered":"<p>Puissance 2100 W Nombre de couverts 14 Nombre de tiroirs 2 Couleur\u00a0 Inox Nombre de programmes 7 programmes \u2014 Auto, Intensif, Normal, \u00c9co, Verre, 90 minutes, Rapide affichage LED Syst\u00e8me de s\u00e9chage Oui S\u00e9curit\u00e9 enfant Oui positionnemen pose libre fonctions Lavage intensif, S\u00e9chage renforc\u00e9, Double lavage<\/p>\n","protected":false},"featured_media":2941,"comment_status":"open","ping_status":"closed","template":"","meta":[],"product_brand":[],"product_cat":[90],"product_tag":[],"class_list":{"0":"post-2940","1":"product","2":"type-product","3":"status-publish","4":"has-post-thumbnail","6":"product_cat-lave-vaisselle","8":"first","9":"instock","10":"shipping-taxable","11":"purchasable","12":"product-type-simple"},"_links":{"self":[{"href":"https:\/\/bahia-appliance.com\/index.php?rest_route=\/wp\/v2\/product\/2940","targetHints":{"allow":["GET"]}}],"collection":[{"href":"https:\/\/bahia-appliance.com\/index.php?rest_route=\/wp\/v2\/product"}],"about":[{"href":"https:\/\/bahia-appliance.com\/index.php?rest_route=\/wp\/v2\/types\/product"}],"replies":[{"embeddable":true,"href":"https:\/\/bahia-appliance.com\/index.php?rest_route=%2Fwp%2Fv2%2Fcomments&post=2940"}],"wp:featuredmedia":[{"embeddable":true,"href":"https:\/\/bahia-appliance.com\/index.php?rest_route=\/wp\/v2\/media\/2941"}],"wp:attachment":[{"href":"https:\/\/bahia-appliance.com\/index.php?rest_route=%2Fwp%2Fv2%2Fmedia&parent=2940"}],"wp:term":[{"taxonomy":"product_brand","embeddable":true,"href":"https:\/\/bahia-appliance.com\/index.php?rest_route=%2Fwp%2Fv2%2Fproduct_brand&post=2940"},{"taxonomy":"product_cat","embeddable":true,"href":"https:\/\/bahia-appliance.com\/index.php?rest_route=%2Fwp%2Fv2%2Fproduct_cat&post=2940"},{"taxonomy":"product_tag","embeddable":true,"href":"https:\/\/bahia-appliance.com\/index.php?rest_route=%2Fwp%2Fv2%2Fproduct_tag&post=2940"}],"curies":[{"name":"wp","href":"https:\/\/api.w.org\/{rel}","templated":true}]}}