{"id":2969,"date":"2026-03-16T02:58:21","date_gmt":"2026-03-16T02:58:21","guid":{"rendered":"https:\/\/bahia-appliance.com\/?post_type=product&#038;p=2969"},"modified":"2026-03-16T02:58:21","modified_gmt":"2026-03-16T02:58:21","slug":"petrin-amb-1571bml","status":"publish","type":"product","link":"https:\/\/bahia-appliance.com\/?product=petrin-amb-1571bml","title":{"rendered":"P\u00e9trin AMB-1571BML"},"content":{"rendered":"<table dir=\"ltr\" style=\"height: 303px;\" width=\"975\">\n<thead>\n<tr>\n<th style=\"text-align: left;\"><strong>Sp\u00e9cification<\/strong><\/th>\n<th style=\"text-align: left;\"><strong>D\u00e9tail<\/strong><\/th>\n<\/tr>\n<\/thead>\n<tbody>\n<tr>\n<td><strong>Puissance<\/strong><\/td>\n<td>1800W<\/td>\n<\/tr>\n<tr>\n<td><strong>Capacit\u00e9 du bol<\/strong><\/td>\n<td>8L (acier inoxydable)<\/td>\n<\/tr>\n<tr>\n<td><strong>Nombre de crochets<\/strong><\/td>\n<td>2 crochets doubles \u00e0 p\u00e2te<\/td>\n<\/tr>\n<tr>\n<td><strong>Bo\u00eetier<\/strong><\/td>\n<td>Aluminium avec couvercle sup\u00e9rieur en plastique ABS<\/td>\n<\/tr>\n<tr>\n<td><strong>Fonctionnalit\u00e9s<\/strong><\/td>\n<td>\u2013 Hachoir \u00e0 viande- Jarre mixeur de 1,5L- Affichage LED + contr\u00f4le du<br \/>\ntemps- Indicateur lumineux LED- 10 vitesses avec<br \/>\nfonction pulse- Niveau de bruit faible- T\u00eate inclinable pour une<br \/>\nutilisation facile- Action de m\u00e9lange plan\u00e9taire<\/td>\n<\/tr>\n<tr>\n<td><strong>Accessoires inclus<\/strong><\/td>\n<td>\u2013 2 crochets doubles \u00e0 p\u00e2te- 1 batteur de m\u00e9lange- 1 fouet \u00e0 \u0153ufs- 1 couvercle<br \/>\nde bol- 1 ensemble hachoir \u00e0 viande- 1 ensemble mixeur<\/td>\n<\/tr>\n<\/tbody>\n<\/table>\n","protected":false},"excerpt":{"rendered":"<p>Sp\u00e9cification D\u00e9tail Puissance 1800W Capacit\u00e9 du bol 8L (acier inoxydable) Nombre de crochets 2 crochets doubles \u00e0 p\u00e2te Bo\u00eetier Aluminium avec couvercle sup\u00e9rieur en plastique ABS Fonctionnalit\u00e9s \u2013 Hachoir \u00e0 viande- Jarre mixeur de 1,5L- Affichage LED + contr\u00f4le du temps- Indicateur lumineux LED- 10 vitesses avec fonction pulse- Niveau de bruit faible- T\u00eate inclinable [&hellip;]<\/p>\n","protected":false},"featured_media":2964,"comment_status":"open","ping_status":"closed","template":"","meta":[],"product_brand":[],"product_cat":[92],"product_tag":[],"class_list":{"0":"post-2969","1":"product","2":"type-product","3":"status-publish","4":"has-post-thumbnail","6":"product_cat-petrin","8":"first","9":"instock","10":"shipping-taxable","11":"purchasable","12":"product-type-simple"},"_links":{"self":[{"href":"https:\/\/bahia-appliance.com\/index.php?rest_route=\/wp\/v2\/product\/2969","targetHints":{"allow":["GET"]}}],"collection":[{"href":"https:\/\/bahia-appliance.com\/index.php?rest_route=\/wp\/v2\/product"}],"about":[{"href":"https:\/\/bahia-appliance.com\/index.php?rest_route=\/wp\/v2\/types\/product"}],"replies":[{"embeddable":true,"href":"https:\/\/bahia-appliance.com\/index.php?rest_route=%2Fwp%2Fv2%2Fcomments&post=2969"}],"wp:featuredmedia":[{"embeddable":true,"href":"https:\/\/bahia-appliance.com\/index.php?rest_route=\/wp\/v2\/media\/2964"}],"wp:attachment":[{"href":"https:\/\/bahia-appliance.com\/index.php?rest_route=%2Fwp%2Fv2%2Fmedia&parent=2969"}],"wp:term":[{"taxonomy":"product_brand","embeddable":true,"href":"https:\/\/bahia-appliance.com\/index.php?rest_route=%2Fwp%2Fv2%2Fproduct_brand&post=2969"},{"taxonomy":"product_cat","embeddable":true,"href":"https:\/\/bahia-appliance.com\/index.php?rest_route=%2Fwp%2Fv2%2Fproduct_cat&post=2969"},{"taxonomy":"product_tag","embeddable":true,"href":"https:\/\/bahia-appliance.com\/index.php?rest_route=%2Fwp%2Fv2%2Fproduct_tag&post=2969"}],"curies":[{"name":"wp","href":"https:\/\/api.w.org\/{rel}","templated":true}]}}