{"id":2985,"date":"2026-03-16T03:27:56","date_gmt":"2026-03-16T03:27:56","guid":{"rendered":"https:\/\/bahia-appliance.com\/?post_type=product&#038;p=2985"},"modified":"2026-03-16T03:27:56","modified_gmt":"2026-03-16T03:27:56","slug":"petrin-amb-1555n","status":"publish","type":"product","link":"https:\/\/bahia-appliance.com\/?product=petrin-amb-1555n","title":{"rendered":"P\u00e9trin AMB-1555N"},"content":{"rendered":"<table dir=\"ltr\" style=\"height: 312px;\" width=\"973\">\n<thead>\n<tr>\n<th><strong>Sp\u00e9cification<\/strong><\/th>\n<th><strong>D\u00e9tail<\/strong><\/th>\n<\/tr>\n<\/thead>\n<tbody>\n<tr>\n<td><strong>Puissance<\/strong><\/td>\n<td>1900 W (moteur en cuivre pur AC)<\/td>\n<\/tr>\n<tr>\n<td><strong>Capacit\u00e9 du bol<\/strong><\/td>\n<td>5,5 L (acier inoxydable)<\/td>\n<\/tr>\n<tr>\n<td><strong>Nombre de crochets<\/strong><\/td>\n<td>2 crochets doubles \u00e0 p\u00e2te<\/td>\n<\/tr>\n<tr>\n<td><strong>Corps<\/strong><\/td>\n<td>Plastique ABS<\/td>\n<\/tr>\n<tr>\n<td><strong>\u00c9cran<\/strong><\/td>\n<td>Grand \u00e9cran tactile sur le couvercle sup\u00e9rieur + bouton rotatif \u00e9lectronique<\/td>\n<\/tr>\n<tr>\n<td><strong>Mouvement plan\u00e9taire<\/strong><\/td>\n<td>Oui, avec conception anti-fuite pour un m\u00e9lange homog\u00e8ne et s\u00e9curis\u00e9<\/td>\n<\/tr>\n<tr>\n<td><strong>Stabilit\u00e9<\/strong><\/td>\n<td>Pieds antid\u00e9rapants pour un fonctionnement stable<\/td>\n<\/tr>\n<tr>\n<td><strong>Couleur<\/strong><\/td>\n<td>Gris + couvercle sup\u00e9rieur noir<\/td>\n<\/tr>\n<tr>\n<td><strong>Accessoires inclus<\/strong><\/td>\n<td>\u2013 2 crochets doubles \u00e0 p\u00e2te- 1 batteur en alliage- 1 fouet en acier inoxydable- 1 couvercle de bol<\/td>\n<\/tr>\n<\/tbody>\n<\/table>\n","protected":false},"excerpt":{"rendered":"<p>Sp\u00e9cification D\u00e9tail Puissance 1900 W (moteur en cuivre pur AC) Capacit\u00e9 du bol 5,5 L (acier inoxydable) Nombre de crochets 2 crochets doubles \u00e0 p\u00e2te Corps Plastique ABS \u00c9cran Grand \u00e9cran tactile sur le couvercle sup\u00e9rieur + bouton rotatif \u00e9lectronique Mouvement plan\u00e9taire Oui, avec conception anti-fuite pour un m\u00e9lange homog\u00e8ne et s\u00e9curis\u00e9 Stabilit\u00e9 Pieds antid\u00e9rapants [&hellip;]<\/p>\n","protected":false},"featured_media":2989,"comment_status":"open","ping_status":"closed","template":"","meta":[],"product_brand":[],"product_cat":[92],"product_tag":[],"class_list":{"0":"post-2985","1":"product","2":"type-product","3":"status-publish","4":"has-post-thumbnail","6":"product_cat-petrin","8":"first","9":"instock","10":"shipping-taxable","11":"purchasable","12":"product-type-simple"},"_links":{"self":[{"href":"https:\/\/bahia-appliance.com\/index.php?rest_route=\/wp\/v2\/product\/2985","targetHints":{"allow":["GET"]}}],"collection":[{"href":"https:\/\/bahia-appliance.com\/index.php?rest_route=\/wp\/v2\/product"}],"about":[{"href":"https:\/\/bahia-appliance.com\/index.php?rest_route=\/wp\/v2\/types\/product"}],"replies":[{"embeddable":true,"href":"https:\/\/bahia-appliance.com\/index.php?rest_route=%2Fwp%2Fv2%2Fcomments&post=2985"}],"wp:featuredmedia":[{"embeddable":true,"href":"https:\/\/bahia-appliance.com\/index.php?rest_route=\/wp\/v2\/media\/2989"}],"wp:attachment":[{"href":"https:\/\/bahia-appliance.com\/index.php?rest_route=%2Fwp%2Fv2%2Fmedia&parent=2985"}],"wp:term":[{"taxonomy":"product_brand","embeddable":true,"href":"https:\/\/bahia-appliance.com\/index.php?rest_route=%2Fwp%2Fv2%2Fproduct_brand&post=2985"},{"taxonomy":"product_cat","embeddable":true,"href":"https:\/\/bahia-appliance.com\/index.php?rest_route=%2Fwp%2Fv2%2Fproduct_cat&post=2985"},{"taxonomy":"product_tag","embeddable":true,"href":"https:\/\/bahia-appliance.com\/index.php?rest_route=%2Fwp%2Fv2%2Fproduct_tag&post=2985"}],"curies":[{"name":"wp","href":"https:\/\/api.w.org\/{rel}","templated":true}]}}