{"id":2997,"date":"2026-04-05T12:22:32","date_gmt":"2026-04-05T12:22:32","guid":{"rendered":"https:\/\/bahia-appliance.com\/?post_type=product&#038;p=2997"},"modified":"2026-04-05T12:23:42","modified_gmt":"2026-04-05T12:23:42","slug":"plaque-chauffante-schallenge-amb-60gh503","status":"publish","type":"product","link":"https:\/\/bahia-appliance.com\/?product=plaque-chauffante-schallenge-amb-60gh503","title":{"rendered":"plaque chauffante SCHALLENGE AMB-60GH503"},"content":{"rendered":"<ul>\n<li class=\"\" data-start=\"200\" data-end=\"250\">\n<p class=\"\" dir=\"ltr\" data-start=\"202\" data-end=\"250\"><strong data-start=\"99\" data-end=\"118\">Type de produit<\/strong>\u00a0: Table de cuisson \u00e0 gaz<br data-start=\"143\" data-end=\"146\" \/><strong data-start=\"146\" data-end=\"176\"><br \/>\nDimensions\u00a0 (cm)<\/strong>\u00a0: 60 \u00d7 51 \u00d7 9<br data-start=\"193\" data-end=\"196\" \/><strong data-start=\"196\" data-end=\"222\"><br \/>\nMat\u00e9riau de la surface<\/strong>\u00a0: Verre tremp\u00e9 6 mm<br data-start=\"242\" data-end=\"245\" data-is-only-node=\"\" \/><strong data-start=\"245\" data-end=\"270\"><br \/>\nCouleur\u00a0<\/strong>\u00a0: Verre noir<br data-start=\"283\" data-end=\"286\" \/><strong data-start=\"286\" data-end=\"298\"><br \/>\nSupports<\/strong>\u00a0: M\u00e9tal \u00e9maill\u00e9<br data-start=\"314\" data-end=\"317\" \/><strong data-start=\"317\" data-end=\"343\"><br \/>\nPosition des commandes<\/strong>\u00a0: Avant droit<br data-start=\"357\" data-end=\"360\" \/><strong data-start=\"360\" data-end=\"380\"><br \/>\nType de commande<\/strong>\u00a0: M\u00e9canique<br data-start=\"392\" data-end=\"395\" \/><strong data-start=\"395\" data-end=\"406\"><br \/>\nBoutons<\/strong>\u00a0: Pression + rotation<br data-start=\"428\" data-end=\"431\" \/><strong data-start=\"431\" data-end=\"443\"><br \/>\nAllumage<\/strong>\u00a0: Allumage auto-\u00e9lectrique<br data-start=\"470\" data-end=\"473\" \/><strong data-start=\"473\" data-end=\"495\"><br \/>\nNombre de br\u00fbleurs<\/strong>\u00a0: 4<br data-start=\"499\" data-end=\"502\" \/><strong data-start=\"502\" data-end=\"520\"><br \/>\nPoids net (kg)<\/strong>\u00a0: 12,5<\/p>\n<\/li>\n<\/ul>\n","protected":false},"excerpt":{"rendered":"<p>Type de produit\u00a0: Table de cuisson \u00e0 gaz Dimensions\u00a0 (cm)\u00a0: 60 \u00d7 51 \u00d7 9 Mat\u00e9riau de la surface\u00a0: Verre tremp\u00e9 6 mm Couleur\u00a0\u00a0: Verre noir Supports\u00a0: M\u00e9tal \u00e9maill\u00e9 Position des commandes\u00a0: Avant droit Type de commande\u00a0: M\u00e9canique Boutons\u00a0: Pression + rotation Allumage\u00a0: Allumage auto-\u00e9lectrique Nombre de br\u00fbleurs\u00a0: 4 Poids net (kg)\u00a0: 12,5<\/p>\n","protected":false},"featured_media":2995,"comment_status":"open","ping_status":"closed","template":"","meta":[],"product_brand":[],"product_cat":[93],"product_tag":[],"class_list":{"0":"post-2997","1":"product","2":"type-product","3":"status-publish","4":"has-post-thumbnail","6":"product_cat-plaque-chauaffante","8":"first","9":"instock","10":"shipping-taxable","11":"purchasable","12":"product-type-simple"},"_links":{"self":[{"href":"https:\/\/bahia-appliance.com\/index.php?rest_route=\/wp\/v2\/product\/2997","targetHints":{"allow":["GET"]}}],"collection":[{"href":"https:\/\/bahia-appliance.com\/index.php?rest_route=\/wp\/v2\/product"}],"about":[{"href":"https:\/\/bahia-appliance.com\/index.php?rest_route=\/wp\/v2\/types\/product"}],"replies":[{"embeddable":true,"href":"https:\/\/bahia-appliance.com\/index.php?rest_route=%2Fwp%2Fv2%2Fcomments&post=2997"}],"wp:featuredmedia":[{"embeddable":true,"href":"https:\/\/bahia-appliance.com\/index.php?rest_route=\/wp\/v2\/media\/2995"}],"wp:attachment":[{"href":"https:\/\/bahia-appliance.com\/index.php?rest_route=%2Fwp%2Fv2%2Fmedia&parent=2997"}],"wp:term":[{"taxonomy":"product_brand","embeddable":true,"href":"https:\/\/bahia-appliance.com\/index.php?rest_route=%2Fwp%2Fv2%2Fproduct_brand&post=2997"},{"taxonomy":"product_cat","embeddable":true,"href":"https:\/\/bahia-appliance.com\/index.php?rest_route=%2Fwp%2Fv2%2Fproduct_cat&post=2997"},{"taxonomy":"product_tag","embeddable":true,"href":"https:\/\/bahia-appliance.com\/index.php?rest_route=%2Fwp%2Fv2%2Fproduct_tag&post=2997"}],"curies":[{"name":"wp","href":"https:\/\/api.w.org\/{rel}","templated":true}]}}