{"id":3003,"date":"2026-04-05T12:37:39","date_gmt":"2026-04-05T12:37:39","guid":{"rendered":"https:\/\/bahia-appliance.com\/?post_type=product&#038;p=3003"},"modified":"2026-04-05T12:37:39","modified_gmt":"2026-04-05T12:37:39","slug":"plaque-chauffante-schallenge-amb-60gj084","status":"publish","type":"product","link":"https:\/\/bahia-appliance.com\/?product=plaque-chauffante-schallenge-amb-60gj084","title":{"rendered":"Plaque chauffante SCHALLENGE AMB-60GJ084"},"content":{"rendered":"<ul>\n<li class=\"\" data-start=\"198\" data-end=\"248\">\n<p class=\"\" dir=\"ltr\" data-start=\"200\" data-end=\"248\"><strong data-start=\"147\" data-end=\"166\">Type de produit<\/strong>\u00a0: Plaque chauffante \u00e0 gaz<br data-start=\"192\" data-end=\"195\" \/><strong data-start=\"195\" data-end=\"225\"><br \/>\nDimensions du produit (mm)<\/strong>\u00a0: 600 \u00d7 510 \u00d7 90<br data-start=\"242\" data-end=\"245\" \/><strong data-start=\"245\" data-end=\"271\"><br \/>\nMat\u00e9riau de la surface<\/strong>\u00a0: Verre tremp\u00e9 6 mm<br data-start=\"291\" data-end=\"294\" data-is-only-node=\"\" \/><strong data-start=\"294\" data-end=\"319\"><br \/>\nCouleur de la surface<\/strong>\u00a0: Verre noir<br data-start=\"332\" data-end=\"335\" \/><strong data-start=\"335\" data-end=\"347\"><br \/>\nSupports<\/strong>\u00a0: Fonte<br data-start=\"355\" data-end=\"358\" \/><strong data-start=\"358\" data-end=\"370\"><br \/>\nS\u00e9curit\u00e9<\/strong>\u00a0: Thermocouple FFD<br data-start=\"389\" data-end=\"392\" \/><strong data-start=\"392\" data-end=\"418\"><br \/>\nPosition des commandes<\/strong>\u00a0: Avant droit<br data-start=\"432\" data-end=\"435\" \/><strong data-start=\"435\" data-end=\"455\"><br \/>\nType de commande<\/strong>\u00a0: M\u00e9canique<br data-start=\"467\" data-end=\"470\" \/><strong data-start=\"470\" data-end=\"481\"><br \/>\nBoutons<\/strong>\u00a0: Pression + rotation<br data-start=\"503\" data-end=\"506\" \/><strong data-start=\"506\" data-end=\"518\"><br \/>\nAllumage<\/strong>\u00a0: Allumage auto-\u00e9lectrique<br data-start=\"545\" data-end=\"548\" \/><strong data-start=\"548\" data-end=\"566\"><br \/>\nBr\u00fbleur double<\/strong>\u00a0: Oui<br data-start=\"572\" data-end=\"575\" \/><strong data-start=\"575\" data-end=\"597\"><br \/>\nNombre de br\u00fbleurs<\/strong>\u00a0: 4<br data-start=\"601\" data-end=\"604\" \/><strong data-start=\"604\" data-end=\"622\"><br \/>\nPoids net (kg)<\/strong>\u00a0: 12,5<\/p>\n<\/li>\n<\/ul>\n","protected":false},"excerpt":{"rendered":"<p>Type de produit\u00a0: Plaque chauffante \u00e0 gaz Dimensions du produit (mm)\u00a0: 600 \u00d7 510 \u00d7 90 Mat\u00e9riau de la surface\u00a0: Verre tremp\u00e9 6 mm Couleur de la surface\u00a0: Verre noir Supports\u00a0: Fonte S\u00e9curit\u00e9\u00a0: Thermocouple FFD Position des commandes\u00a0: Avant droit Type de commande\u00a0: M\u00e9canique Boutons\u00a0: Pression + rotation Allumage\u00a0: Allumage auto-\u00e9lectrique Br\u00fbleur double\u00a0: Oui Nombre [&hellip;]<\/p>\n","protected":false},"featured_media":3004,"comment_status":"open","ping_status":"closed","template":"","meta":[],"product_brand":[],"product_cat":[93],"product_tag":[],"class_list":{"0":"post-3003","1":"product","2":"type-product","3":"status-publish","4":"has-post-thumbnail","6":"product_cat-plaque-chauaffante","8":"first","9":"instock","10":"shipping-taxable","11":"purchasable","12":"product-type-simple"},"_links":{"self":[{"href":"https:\/\/bahia-appliance.com\/index.php?rest_route=\/wp\/v2\/product\/3003","targetHints":{"allow":["GET"]}}],"collection":[{"href":"https:\/\/bahia-appliance.com\/index.php?rest_route=\/wp\/v2\/product"}],"about":[{"href":"https:\/\/bahia-appliance.com\/index.php?rest_route=\/wp\/v2\/types\/product"}],"replies":[{"embeddable":true,"href":"https:\/\/bahia-appliance.com\/index.php?rest_route=%2Fwp%2Fv2%2Fcomments&post=3003"}],"wp:featuredmedia":[{"embeddable":true,"href":"https:\/\/bahia-appliance.com\/index.php?rest_route=\/wp\/v2\/media\/3004"}],"wp:attachment":[{"href":"https:\/\/bahia-appliance.com\/index.php?rest_route=%2Fwp%2Fv2%2Fmedia&parent=3003"}],"wp:term":[{"taxonomy":"product_brand","embeddable":true,"href":"https:\/\/bahia-appliance.com\/index.php?rest_route=%2Fwp%2Fv2%2Fproduct_brand&post=3003"},{"taxonomy":"product_cat","embeddable":true,"href":"https:\/\/bahia-appliance.com\/index.php?rest_route=%2Fwp%2Fv2%2Fproduct_cat&post=3003"},{"taxonomy":"product_tag","embeddable":true,"href":"https:\/\/bahia-appliance.com\/index.php?rest_route=%2Fwp%2Fv2%2Fproduct_tag&post=3003"}],"curies":[{"name":"wp","href":"https:\/\/api.w.org\/{rel}","templated":true}]}}