{"id":3035,"date":"2026-04-09T12:05:59","date_gmt":"2026-04-09T12:05:59","guid":{"rendered":"https:\/\/bahia-appliance.com\/?post_type=product&#038;p=3035"},"modified":"2026-04-09T12:05:59","modified_gmt":"2026-04-09T12:05:59","slug":"hotte-pyramide-amb-60a17b","status":"publish","type":"product","link":"https:\/\/bahia-appliance.com\/?product=hotte-pyramide-amb-60a17b","title":{"rendered":"Hotte pyramide AMB-60A17B"},"content":{"rendered":"<table dir=\"ltr\" style=\"height: 409px;\" width=\"972\">\n<thead>\n<tr>\n<th>Sp\u00e9cifications<\/th>\n<th><\/th>\n<\/tr>\n<\/thead>\n<tbody>\n<tr>\n<td><strong>Dimensions (mm)<\/strong><\/td>\n<td>600 \u00d7 450 \u00d7 569<\/td>\n<\/tr>\n<tr>\n<td><strong>D\u00e9bit d\u2019air<\/strong><\/td>\n<td>400 m\u00b3\/h<\/td>\n<\/tr>\n<tr>\n<td><strong>Nombre de<br \/>\nvitesses<\/strong><\/td>\n<td>3<\/td>\n<\/tr>\n<tr>\n<td><strong>Puissance du<br \/>\nmoteur<\/strong><\/td>\n<td>115 W<\/td>\n<\/tr>\n<tr>\n<td><strong>Nombre de filtres<br \/>\n\u00e0 charbon<\/strong><\/td>\n<td>2<\/td>\n<\/tr>\n<tr>\n<td><strong>Quantit\u00e9 de filtres<\/strong><\/td>\n<td>2 filtres \u00e0 5 couches<\/td>\n<\/tr>\n<tr>\n<td><strong>Type d\u2019\u00e9clairage<\/strong><\/td>\n<td>Lampe LED<\/td>\n<\/tr>\n<tr>\n<td><strong>Diam\u00e8tre de la<br \/>\nsortie d\u2019air (mm)<\/strong><\/td>\n<td>150<\/td>\n<\/tr>\n<tr>\n<td><strong>Mat\u00e9riau du corps<\/strong><\/td>\n<td>Acier \/ T\u00f4le lamin\u00e9e \u00e0 froid<\/td>\n<\/tr>\n<tr>\n<td><strong>Couleur<\/strong><\/td>\n<td>\u00a0Noir<\/td>\n<\/tr>\n<\/tbody>\n<\/table>\n","protected":false},"excerpt":{"rendered":"<p>Sp\u00e9cifications Dimensions (mm) 600 \u00d7 450 \u00d7 569 D\u00e9bit d\u2019air 400 m\u00b3\/h Nombre de vitesses 3 Puissance du moteur 115 W Nombre de filtres \u00e0 charbon 2 Quantit\u00e9 de filtres 2 filtres \u00e0 5 couches Type d\u2019\u00e9clairage Lampe LED Diam\u00e8tre de la sortie d\u2019air (mm) 150 Mat\u00e9riau du corps Acier \/ T\u00f4le lamin\u00e9e \u00e0 froid [&hellip;]<\/p>\n","protected":false},"featured_media":3036,"comment_status":"open","ping_status":"closed","template":"","meta":[],"product_brand":[],"product_cat":[94],"product_tag":[],"class_list":{"0":"post-3035","1":"product","2":"type-product","3":"status-publish","4":"has-post-thumbnail","6":"product_cat-hottes","8":"first","9":"instock","10":"shipping-taxable","11":"purchasable","12":"product-type-simple"},"_links":{"self":[{"href":"https:\/\/bahia-appliance.com\/index.php?rest_route=\/wp\/v2\/product\/3035","targetHints":{"allow":["GET"]}}],"collection":[{"href":"https:\/\/bahia-appliance.com\/index.php?rest_route=\/wp\/v2\/product"}],"about":[{"href":"https:\/\/bahia-appliance.com\/index.php?rest_route=\/wp\/v2\/types\/product"}],"replies":[{"embeddable":true,"href":"https:\/\/bahia-appliance.com\/index.php?rest_route=%2Fwp%2Fv2%2Fcomments&post=3035"}],"wp:featuredmedia":[{"embeddable":true,"href":"https:\/\/bahia-appliance.com\/index.php?rest_route=\/wp\/v2\/media\/3036"}],"wp:attachment":[{"href":"https:\/\/bahia-appliance.com\/index.php?rest_route=%2Fwp%2Fv2%2Fmedia&parent=3035"}],"wp:term":[{"taxonomy":"product_brand","embeddable":true,"href":"https:\/\/bahia-appliance.com\/index.php?rest_route=%2Fwp%2Fv2%2Fproduct_brand&post=3035"},{"taxonomy":"product_cat","embeddable":true,"href":"https:\/\/bahia-appliance.com\/index.php?rest_route=%2Fwp%2Fv2%2Fproduct_cat&post=3035"},{"taxonomy":"product_tag","embeddable":true,"href":"https:\/\/bahia-appliance.com\/index.php?rest_route=%2Fwp%2Fv2%2Fproduct_tag&post=3035"}],"curies":[{"name":"wp","href":"https:\/\/api.w.org\/{rel}","templated":true}]}}